{"id":194,"date":"2021-07-24T18:32:34","date_gmt":"2021-07-24T16:32:34","guid":{"rendered":"https:\/\/xn--ausklnge-oldenburg-ptb.de\/?page_id=194"},"modified":"2023-07-28T13:33:27","modified_gmt":"2023-07-28T11:33:27","slug":"kontakt","status":"publish","type":"page","link":"https:\/\/xn--ausklnge-oldenburg-ptb.de\/index.php\/kontakt\/","title":{"rendered":"Kontakt"},"content":{"rendered":"\n<div class=\"wp-block-cover alignfull has-parallax is-style-default\" style=\"min-height:300px;aspect-ratio:unset;\"><span aria-hidden=\"true\" class=\"wp-block-cover__background has-background-dim-90 has-background-dim\" style=\"background-color:#505178\"><\/span><div role=\"img\" class=\"wp-block-cover__image-background wp-image-792 has-parallax\" style=\"background-position:50% 50%;background-image:url(https:\/\/xn--ausklnge-oldenburg-ptb.de\/wp-content\/uploads\/2021\/08\/bg_kontakt.jpg)\"><\/div><div class=\"wp-block-cover__inner-container is-layout-flow wp-block-cover-is-layout-flow\">\n<div style=\"height:5px\" aria-hidden=\"true\" class=\"wp-block-spacer\"><\/div>\n\n\n\n<p class=\"has-text-align-center has-large-font-size\">Als zertifizierte, erfahrene Sterbe- und Trauerbegleiterin stehe ich Ihnen f\u00fcr Ihre Fragen gerne zur Verf\u00fcgung. Wir k\u00f6nnen uns jederzeit in einem unverbindlichen Gespr\u00e4ch kennenlernen.<\/p>\n\n\n\n<div style=\"height:10px\" aria-hidden=\"true\" class=\"wp-block-spacer\"><\/div>\n\n\n\n<div class=\"wp-block-columns is-layout-flex wp-container-core-columns-is-layout-9d6595d7 wp-block-columns-is-layout-flex\">\n<div class=\"wp-block-column is-layout-flow wp-block-column-is-layout-flow\"><div class=\"wp-block-image\">\n<figure class=\"aligncenter size-full is-resized\"><img loading=\"lazy\" decoding=\"async\" src=\"https:\/\/xn--ausklnge-oldenburg-ptb.de\/wp-content\/uploads\/2021\/08\/icon_mail_white-2.png\" alt=\"\" class=\"wp-image-716\" width=\"70\" height=\"70\" srcset=\"https:\/\/xn--ausklnge-oldenburg-ptb.de\/wp-content\/uploads\/2021\/08\/icon_mail_white-2.png 512w, https:\/\/xn--ausklnge-oldenburg-ptb.de\/wp-content\/uploads\/2021\/08\/icon_mail_white-2-300x300.png 300w, https:\/\/xn--ausklnge-oldenburg-ptb.de\/wp-content\/uploads\/2021\/08\/icon_mail_white-2-150x150.png 150w\" sizes=\"auto, (max-width: 70px) 100vw, 70px\" \/><\/figure><\/div>\n\n\n<p class=\"has-text-align-center\"><a href=\"mailto:info@auskl\u00e4nge-oldenburg.de\">info@auskl\u00e4nge-oldenburg.de<\/a><\/p>\n<\/div>\n\n\n\n<div class=\"wp-block-column is-layout-flow wp-block-column-is-layout-flow\"><div class=\"wp-block-image\">\n<figure class=\"aligncenter size-full is-resized\"><img loading=\"lazy\" decoding=\"async\" src=\"https:\/\/xn--ausklnge-oldenburg-ptb.de\/wp-content\/uploads\/2021\/08\/icon_telefon_white-1.png\" alt=\"\" class=\"wp-image-715\" width=\"70\" height=\"70\" srcset=\"https:\/\/xn--ausklnge-oldenburg-ptb.de\/wp-content\/uploads\/2021\/08\/icon_telefon_white-1.png 512w, https:\/\/xn--ausklnge-oldenburg-ptb.de\/wp-content\/uploads\/2021\/08\/icon_telefon_white-1-300x300.png 300w, https:\/\/xn--ausklnge-oldenburg-ptb.de\/wp-content\/uploads\/2021\/08\/icon_telefon_white-1-150x150.png 150w\" sizes=\"auto, (max-width: 70px) 100vw, 70px\" \/><\/figure><\/div>\n\n\n<p class=\"has-text-align-center\"><a data-type=\"URL\" href=\"tel:+4917650170902\">0176 501 709 02<\/a><\/p>\n<\/div>\n<\/div>\n\n\n\n<p><\/p>\n<\/div><\/div>\n","protected":false},"excerpt":{"rendered":"","protected":false},"author":1,"featured_media":0,"parent":0,"menu_order":0,"comment_status":"closed","ping_status":"closed","template":"","meta":{"footnotes":""},"class_list":["post-194","page","type-page","status-publish","hentry","entry"],"_links":{"self":[{"href":"https:\/\/xn--ausklnge-oldenburg-ptb.de\/index.php\/wp-json\/wp\/v2\/pages\/194","targetHints":{"allow":["GET"]}}],"collection":[{"href":"https:\/\/xn--ausklnge-oldenburg-ptb.de\/index.php\/wp-json\/wp\/v2\/pages"}],"about":[{"href":"https:\/\/xn--ausklnge-oldenburg-ptb.de\/index.php\/wp-json\/wp\/v2\/types\/page"}],"author":[{"embeddable":true,"href":"https:\/\/xn--ausklnge-oldenburg-ptb.de\/index.php\/wp-json\/wp\/v2\/users\/1"}],"replies":[{"embeddable":true,"href":"https:\/\/xn--ausklnge-oldenburg-ptb.de\/index.php\/wp-json\/wp\/v2\/comments?post=194"}],"version-history":[{"count":49,"href":"https:\/\/xn--ausklnge-oldenburg-ptb.de\/index.php\/wp-json\/wp\/v2\/pages\/194\/revisions"}],"predecessor-version":[{"id":1265,"href":"https:\/\/xn--ausklnge-oldenburg-ptb.de\/index.php\/wp-json\/wp\/v2\/pages\/194\/revisions\/1265"}],"wp:attachment":[{"href":"https:\/\/xn--ausklnge-oldenburg-ptb.de\/index.php\/wp-json\/wp\/v2\/media?parent=194"}],"curies":[{"name":"wp","href":"https:\/\/api.w.org\/{rel}","templated":true}]}}