{"id":3,"date":"2021-07-17T08:28:08","date_gmt":"2021-07-17T06:28:08","guid":{"rendered":"http:\/\/xn--ausklnge-oldenburg-ptb.de\/?page_id=3"},"modified":"2022-05-12T16:04:17","modified_gmt":"2022-05-12T14:04:17","slug":"datenschutzerklaerung","status":"publish","type":"page","link":"https:\/\/xn--ausklnge-oldenburg-ptb.de\/index.php\/datenschutzerklaerung\/","title":{"rendered":"Datenschutzerkl\u00e4rung"},"content":{"rendered":"\n<h2 class=\"wp-block-heading\"><\/h2>\n\n\n\n<figure class=\"wp-block-table alignwide\"><table><tbody><tr><td><strong>Allgemeine Hinweise<\/strong><br>Ich freue mich \u00fcber Ihr Interesse an meiner Website und meinen Angeboten. Der Schutz Ihrer Daten und Ihrer Privatsph\u00e4re bei der Nutzung meiner Website ist mir sehr wichtig. Daher m\u00f6chte ich Sie an dieser Stelle dar\u00fcber informieren, welche Ihrer personenbezogenen Daten in Bezug auf Ihren Besuch meiner Website erfasst werden und f\u00fcr welche Zwecke diese genutzt werden.<br><br><strong><br>Was sind personenbezogene Daten?<\/strong><br>Was sind personenbezogene Daten? Personenbezogene Daten sind Informationen, die dazu genutzt werden k\u00f6nnen, pers\u00f6nliche oder sachliche Verh\u00e4ltnisse \u00fcber Sie zu erfahren. Zu diesen Einzelangaben geh\u00f6ren z. B. Ihr Name oder Ihre Kontaktdaten, wie Telefonnummer, Anschrift und E-Mail-Adresse, aber auch Daten wie z. B. Ihr Aufenthaltsort, Bankdaten oder Ihre IP-Adresse.<br><br>Die IP-Adresse ist eine einzigartige Adresse im Internet, die Ger\u00e4ten zugewiesen wird, um diese adressierbar und somit erreichbar zu machen. Da eine IP-Adresse zu einer Person zur\u00fcckf\u00fchren kann, entschied der EuGH, dass diese als personenbezogene Information zu werten ist.<br><br><strong><br>Welche Daten werden erhoben und verarbeitet?<\/strong><br>Grunds\u00e4tzlich ist es m\u00f6glich meine Website zu besuchen, ohne mir personenbezogene Daten mitzuteilen, z. B. wenn Sie sich \u00fcber meine Leistungen und Angebote informieren m\u00f6chten.<br><br>Zum einen werden Daten von Ihnen dadurch erhoben, dass Sie mir diese mittels E-Mail mitteilen.<br>Zum anderen werden aus technischen Gr\u00fcnden Daten automatisch beim Besuch meiner Website beim Access-Provider erfasst. Zu diesen Daten geh\u00f6rt Ihre IP-Adresse, die zusammen mit anderen Daten durch Ihren Browser \u00fcbermittelt wird.<br><br>Diese Daten dienen internen systembezogenen und statistischen Zwecken und werden vom Access-Provider protokolliert und als sogenannte \u201eServer-Logfiles\u201c gespeichert. Es handelt sich dabei i.d.R. um folgende Daten:<br>&#8211; IP-Adresse des anfordernden Rechners<br>&#8211; Datum und Uhrzeit der Anforderung<br>&#8211; Name und URL der abgerufenen Datei<br>&#8211; die \u00fcbertragene Datenmenge<br>&#8211; Meldung \u00fcber erfolgreichen Abruf<br>&#8211; Quelle \/ Verweis (Referrer-URL), von der aus der Zugriff erfolgte<br>&#8211; verwendeter Browser, ggf. verwendetes Betriebssystem Ihres Rechners<br>&#8211; Name des anfragenden Providers<br><br>Bez\u00fcglich dieser Daten findet durch mich keine personenbezogene Auswertung statt. Die statistische Auswertung pseudonymisierter oder anonymisierter Datens\u00e4tze behalte ich mir vor. Eine solche Auswertung erfolgt z. B. aus Systemsicherheitsgr\u00fcnden zur Verhinderung von Missbrauch, zur Verbesserung der Website und zu Zwecken der Statistik (Anzahl der Nutzer und der Seitenabrufe).<br><br>Access-Provider d\u00fcrfen nicht anonymisierte IP-Adressen nicht unbegrenzt speichern. Sp\u00e4testens nach sieben Tagen m\u00fcssen diese Daten anonymisiert oder gel\u00f6scht werden. Daten, deren weitere Aufbewahrung jedoch zu Beweiszwecken erforderlich ist, sind bis zur endg\u00fcltigen Kl\u00e4rung des jeweiligen Vorfalls hiervon ausgenommen.<br><br><strong><br>E-Mail<\/strong><br>Wenn Sie mir eine E-Mail senden, werden die \u00fcbermittelten Daten zwecks Bearbeitung der Anfrage von mir gespeichert. Die Angaben, die Sie mir auf diese Art zukommen lassen sind freiwillig und werden von mir gem. dem Stand der Technik vor unberechtigter Kenntnisnahme durch Dritte gesch\u00fctzt und nicht ohne Ihre Einwilligung weitergegeben.<br><br>Ich verwende diese Daten ausschlie\u00dflich f\u00fcr die Kommunikation, zur Bearbeitung der Anfrage sowie f\u00fcr m\u00f6gliche Anschlussfragen und zur Aus\u00fcbung der von mir angebotenen Dienstleistungen. Grunds\u00e4tzlich werden personenbezogene Daten von mir nicht l\u00e4nger gespeichert als n\u00f6tig. Ist der urspr\u00fcngliche Zweck f\u00fcr die Erhebung der Daten nicht mehr gegeben, werden diese entsprechend den gesetzlichen Vorschriften gesperrt oder gel\u00f6scht.<br><br>Beachten Sie bitte, dass unverschl\u00fcsselte E-Mails, die \u00fcber das Internet versendet werden, nicht hinreichend vor der unbefugten Kenntnisnahme durch Dritte gesch\u00fctzt sind. Bei vertraulichen Informationen empfehle ich Ihnen die Kommunikation auf dem Postwege.<br><br><strong><br>Weitergabe personenbezogener Daten an Dritte und Drittanbieter<\/strong><br>Eine Weitergabe Ihrer pers\u00f6nlichen Daten an Dritte (mit Ausnahme der automatischen \u00dcbertragung der IP-Adresse) erfolgt grunds\u00e4tzlich nicht ohne Ihre notwendige vorherige Einwilligung.<br><br>Erhebungen von personenbezogenen Daten sowie deren \u00dcbermittlung an auskunftsberechtigte staatliche Institutionen und Beh\u00f6rden erfolgen nur im Rahmen der einschl\u00e4gigen Gesetze bzw. sofern ich durch eine gerichtliche Entscheidung dazu verpflichtet bin. Von mir beauftragte Personen und Unternehmen sind von mir zur Verschwiegenheit verpflichtet.<br><br>IP-Adressen werden automatisch beim Besuch einer Webseite an den Server, wo die Webseite betrieben wird, \u00fcbertragen. Eine Weitergabe dieser IP-Adressen an Dritte geschieht immer dann zwangsl\u00e4ufig, wenn eine Komponente Dritter (ein Script, eine Schriftart oder eine sonstige digitale Ressource) auf der Webseite eingebunden ist. Welche Komponenten auf dieser Webseite eingebunden sind, ist in dieser Datenschutzerkl\u00e4rung aufgef\u00fchrt.<br><br><strong><br>Ihre Rechte bez\u00fcglich Ihrer Daten<\/strong><br>Sie haben jederzeit das Recht auf unentgeltliche Auskunft \u00fcber Ihre bei mir gespeicherten personenbezogenen Daten, deren Herkunft und Empf\u00e4nger und den Zweck der Datenverarbeitung und ggf. ein Recht auf unverz\u00fcgliche Berichtigung, Sperrung oder L\u00f6schung dieser Daten. Bitte wenden Sie sich dazu jederzeit an die aufgef\u00fchrte Adresse am Ende dieser Datenschutzhinweise.<br><br>Des Weiteren k\u00f6nnen Sie jederzeit Ihre Zustimmung zur Erhebung und Speicherung Ihrer personenbezogenen Daten f\u00fcr die Zukunft durch mich widerrufen. F\u00fcr einen Widerruf gen\u00fcgt ein formloses Schreiben oder eine E-Mail an: <br>dorothee.limberg@gmx.de<br><br><strong><br>Beschwerderecht<\/strong><br>Im Falle datenschutzrechtlicher Verst\u00f6\u00dfe haben Sie das Recht, sich bei einer Aufsichtsbeh\u00f6rde f\u00fcr den Datenschutz \u00fcber mich zu beschweren. Zust\u00e4ndige Aufsichtsbeh\u00f6rde in datenschutzrechtlichen Fragen ist der Landesdatenschutzbeauftragte von Niedersachsen.<br><br>Eine aktuelle Liste der Datenschutzbeauftragten in den Bundesl\u00e4ndern sowie deren Kontaktdaten k\u00f6nnen folgendem Link entnommen werden: https:\/\/www.bfdi.bund.de\/DE\/Infothek\/Anschriften_Links\/anschriften_links-node.html<br><br><strong><br>Recht auf Daten\u00fcbertragbarkeit<\/strong><br>Sie haben das Recht, personenbezogene Daten, die Sie mir gegeben haben, in einem \u00fcbertragbaren Format zu erhalten.<br><br><strong><br>Verwendung von Cookies, Social Plugins und Analyse-Tools<\/strong><br>Auf meiner Website werden keine Cookies, keine Analyse-Tools und keine Social Plugins verwendet.<br><br><strong><br>Hyperlinks zu fremden Websites<\/strong><br>Diese Erkl\u00e4rung zum Datenschutz gilt nur f\u00fcr die Webseiten meiner Internetpr\u00e4senz. Auf meiner Website befinden sich sogenannte Hyperlinks zu Websites anderer Anbieter, auf die sich diese Erkl\u00e4rung nicht erstreckt. Wenn Sie meine Website \u00fcber einen Hyperlink verlassen und auf andere Seiten weitergeleitet werden, empfehle ich Ihnen, sich dort \u00fcber den Umgang mit Ihren Daten zu informieren.<br><br><strong><br>SSL- bzw. TLS-Verschl\u00fcsselung<\/strong><br>Meine Website nutzt aus Sicherheitsgr\u00fcnden und zum Schutz der \u00dcbertragung vertraulicher Inhalte, wie zum Beispiel Anfragen und Anmeldungen, die Sie an mich als Seitenbetreiber senden, eine SSL-bzw. TLS-Verschl\u00fcsselung. Eine verschl\u00fcsselte Verbindung erkennen Sie daran, dass die Adresszeile des Browsers von \u201ehttp:\/\/\u201c auf \u201ehttps:\/\/\u201c wechselt und an dem (meist gr\u00fcnen) Schloss-Symbol in Ihrer Browserzeile.<br><br>Wenn die SSL- bzw. TLS-Verschl\u00fcsselung aktiviert ist, k\u00f6nnen die Daten, die Sie an mich \u00fcbermitteln, nicht von Dritten mitgelesen werden.<br><br><strong><br>Kinder und Jugendliche unter 18 Jahren<\/strong><br>Personen unter 18 Jahren sollten ohne Zustimmung der Eltern oder Erziehungsberechtigten keine personenbezogenen Daten an mich \u00fcbermitteln. Ich fordere keine personenbezogenen Daten von Kindern und Jugendlichen an, sammle diese nicht und geben sie nicht an Dritte weiter.<br><br><strong><br>Aktualit\u00e4t und \u00c4nderung dieser Datenschutzerkl\u00e4rung<\/strong><br>Diese Datenschutzerkl\u00e4rung ist aktuell g\u00fcltig und hat den Stand Mai 2018. Durch die Weiterentwicklung meiner Website oder aufgrund ge\u00e4nderter gesetzlicher beziehungsweise beh\u00f6rdlicher Vorgaben kann es erforderlich werden, diese Datenschutzerkl\u00e4rung entsprechend anzupassen.<br><br>Beachten Sie daher bitte die jeweils aktuelle Version meiner Datenschutzerkl\u00e4rung.<br><br><br>Verantwortliche im Sinne des Datenschutzrechts<br>Dorothee Limberg<br>Veilchenweg 2<br>26135 Oldenburg<br>Deutschland<br><br>Telefon: 0176 \/ 50170902<br>E-Mail: dorothee.limberg@gmx.de<br><\/td><\/tr><\/tbody><\/table><\/figure>\n\n\n\n<h2 class=\"wp-block-heading\"><\/h2>\n\n\n\n<h2 class=\"wp-block-heading\"><\/h2>\n\n\n\n<p><\/p>\n\n\n\n<h2 class=\"wp-block-heading\"><\/h2>\n\n\n\n<p><\/p>\n\n\n\n<p><\/p>\n\n\n\n<p><\/p>\n\n\n\n<p><\/p>\n\n\n\n<h2 class=\"wp-block-heading\"><\/h2>\n\n\n\n<p><\/p>\n\n\n\n<p><\/p>\n\n\n\n<h2 class=\"wp-block-heading\"><\/h2>\n\n\n\n<p><\/p>\n\n\n\n<h2 class=\"wp-block-heading\"><\/h2>\n\n\n\n<p><\/p>\n\n\n\n<p><\/p>\n\n\n\n<h2 class=\"wp-block-heading\"><\/h2>\n\n\n\n<p><\/p>\n\n\n\n<h2 class=\"wp-block-heading\"><\/h2>\n\n\n\n<p><\/p>\n","protected":false},"excerpt":{"rendered":"<p>Allgemeine HinweiseIch freue mich \u00fcber Ihr Interesse an meiner Website und meinen Angeboten. Der Schutz Ihrer Daten und Ihrer Privatsph\u00e4re bei der Nutzung meiner Website ist mir sehr wichtig. Daher m\u00f6chte ich Sie an dieser Stelle dar\u00fcber informieren, welche Ihrer personenbezogenen Daten in Bezug auf Ihren Besuch meiner Website erfasst werden und f\u00fcr welche Zwecke&hellip; <a class=\"more-link\" href=\"https:\/\/xn--ausklnge-oldenburg-ptb.de\/index.php\/datenschutzerklaerung\/\"><span class=\"screen-reader-text\">Datenschutzerkl\u00e4rung<\/span> weiterlesen<\/a><\/p>\n","protected":false},"author":1,"featured_media":0,"parent":0,"menu_order":0,"comment_status":"closed","ping_status":"open","template":"","meta":{"footnotes":""},"class_list":["post-3","page","type-page","status-publish","hentry","entry"],"_links":{"self":[{"href":"https:\/\/xn--ausklnge-oldenburg-ptb.de\/index.php\/wp-json\/wp\/v2\/pages\/3","targetHints":{"allow":["GET"]}}],"collection":[{"href":"https:\/\/xn--ausklnge-oldenburg-ptb.de\/index.php\/wp-json\/wp\/v2\/pages"}],"about":[{"href":"https:\/\/xn--ausklnge-oldenburg-ptb.de\/index.php\/wp-json\/wp\/v2\/types\/page"}],"author":[{"embeddable":true,"href":"https:\/\/xn--ausklnge-oldenburg-ptb.de\/index.php\/wp-json\/wp\/v2\/users\/1"}],"replies":[{"embeddable":true,"href":"https:\/\/xn--ausklnge-oldenburg-ptb.de\/index.php\/wp-json\/wp\/v2\/comments?post=3"}],"version-history":[{"count":2,"href":"https:\/\/xn--ausklnge-oldenburg-ptb.de\/index.php\/wp-json\/wp\/v2\/pages\/3\/revisions"}],"predecessor-version":[{"id":895,"href":"https:\/\/xn--ausklnge-oldenburg-ptb.de\/index.php\/wp-json\/wp\/v2\/pages\/3\/revisions\/895"}],"wp:attachment":[{"href":"https:\/\/xn--ausklnge-oldenburg-ptb.de\/index.php\/wp-json\/wp\/v2\/media?parent=3"}],"curies":[{"name":"wp","href":"https:\/\/api.w.org\/{rel}","templated":true}]}}