{"id":8,"date":"2021-07-22T22:43:15","date_gmt":"2021-07-22T20:43:15","guid":{"rendered":"https:\/\/xn--ausklnge-oldenburg-ptb.de\/?page_id=8"},"modified":"2023-07-21T20:48:04","modified_gmt":"2023-07-21T18:48:04","slug":"ueber-mich","status":"publish","type":"page","link":"https:\/\/xn--ausklnge-oldenburg-ptb.de\/index.php\/ueber-mich\/","title":{"rendered":"\u00dcber mich"},"content":{"rendered":"\n<div class=\"wp-block-cover alignfull is-light has-parallax is-style-default\" style=\"min-height:57px;aspect-ratio:unset;\"><span aria-hidden=\"true\" class=\"wp-block-cover__background has-background-dim-0 has-background-dim\"><\/span><div role=\"img\" class=\"wp-block-cover__image-background wp-image-557 has-parallax\" style=\"background-position:50% 50%;background-image:url(https:\/\/xn--ausklnge-oldenburg-ptb.de\/wp-content\/uploads\/2021\/07\/bg_blurryblumen-3.png)\"><\/div><div class=\"wp-block-cover__inner-container is-layout-flow wp-block-cover-is-layout-flow\">\n<p class=\"has-text-align-center has-large-font-size\" style=\"line-height:1.4\">Hallo! Ich bin <strong>Dorothee Limberg<\/strong><\/p>\n<\/div><\/div>\n\n\n\n<div style=\"height:15px\" aria-hidden=\"true\" class=\"wp-block-spacer\"><\/div>\n\n\n\n<div style=\"height:5px\" aria-hidden=\"true\" class=\"wp-block-spacer\"><\/div>\n\n\n\n<div class=\"wp-block-columns alignwide are-vertically-aligned-center is-layout-flex wp-container-core-columns-is-layout-9d6595d7 wp-block-columns-is-layout-flex\">\n<div class=\"wp-block-column is-vertically-aligned-center is-layout-flow wp-block-column-is-layout-flow\" style=\"flex-basis:33.33%\">\n<figure class=\"wp-block-image size-large\"><img loading=\"lazy\" decoding=\"async\" width=\"1024\" height=\"1024\" src=\"https:\/\/xn--ausklnge-oldenburg-ptb.de\/wp-content\/uploads\/2023\/07\/umrund-1024x1024.png\" alt=\"\" class=\"wp-image-1250\" srcset=\"https:\/\/xn--ausklnge-oldenburg-ptb.de\/wp-content\/uploads\/2023\/07\/umrund-1024x1024.png 1024w, https:\/\/xn--ausklnge-oldenburg-ptb.de\/wp-content\/uploads\/2023\/07\/umrund-300x300.png 300w, https:\/\/xn--ausklnge-oldenburg-ptb.de\/wp-content\/uploads\/2023\/07\/umrund-150x150.png 150w, https:\/\/xn--ausklnge-oldenburg-ptb.de\/wp-content\/uploads\/2023\/07\/umrund-768x768.png 768w, https:\/\/xn--ausklnge-oldenburg-ptb.de\/wp-content\/uploads\/2023\/07\/umrund-1536x1536.png 1536w, https:\/\/xn--ausklnge-oldenburg-ptb.de\/wp-content\/uploads\/2023\/07\/umrund-1568x1568.png 1568w, https:\/\/xn--ausklnge-oldenburg-ptb.de\/wp-content\/uploads\/2023\/07\/umrund.png 1888w\" sizes=\"auto, (max-width: 1024px) 100vw, 1024px\" \/><\/figure>\n<\/div>\n\n\n\n<div class=\"wp-block-column is-vertically-aligned-center is-layout-flow wp-block-column-is-layout-flow\" style=\"flex-basis:66.66%\">\n<p>Ich bin<\/p>\n\n\n\n<p class=\"has-normal-font-size\">\u2022 examinierte Krankenschwester<br>\u2022 palliative Care Fachkraft <br>\u2022 zertifizierte Sterbebegleiterin <br>\u2022 Trauerbegleiterin (<a href=\"https:\/\/bv-trauerbegleitung.de\/veranstaltungen\/weiterbildung-in-systemischer-trauerbegleitung\">BVT<\/a>)<\/p>\n\n\n\n<p>mit 30j\u00e4hriger Berufserfahrung. Immer f\u00fchle ich mich getragen von meiner Begeisterung und Hingabe f\u00fcr die Arbeit.<\/p>\n\n\n\n<p>Meine Lebenserfahrung als Tochter, Mutter von drei Kindern und zweifache Gro\u00dfmutter unterst\u00fctzt mich in meiner Bef\u00e4higung, Menschen in ihrem Abschiednehmen zu begleiten.<\/p>\n<\/div>\n<\/div>\n\n\n\n<div style=\"height:44px\" aria-hidden=\"true\" class=\"wp-block-spacer\"><\/div>\n\n\n\n<div class=\"wp-block-cover alignfull is-light has-parallax is-style-default\" style=\"min-height:57px;aspect-ratio:unset;\"><span aria-hidden=\"true\" class=\"wp-block-cover__background has-background-dim-0 has-background-dim\"><\/span><div role=\"img\" class=\"wp-block-cover__image-background wp-image-557 has-parallax\" style=\"background-position:50% 50%;background-image:url(https:\/\/xn--ausklnge-oldenburg-ptb.de\/wp-content\/uploads\/2021\/07\/bg_blurryblumen-3.png)\"><\/div><div class=\"wp-block-cover__inner-container is-layout-flow wp-block-cover-is-layout-flow\">\n<p class=\"has-text-align-center has-large-font-size\"><strong>professionell, liebevoll und ganzheitlich<\/strong><\/p>\n<\/div><\/div>\n\n\n\n<div style=\"height:44px\" aria-hidden=\"true\" class=\"wp-block-spacer\"><\/div>\n\n\n\n<div class=\"wp-block-columns alignwide are-vertically-aligned-center is-layout-flex wp-container-core-columns-is-layout-9d6595d7 wp-block-columns-is-layout-flex\">\n<div class=\"wp-block-column is-layout-flow wp-block-column-is-layout-flow\" style=\"flex-basis:50%\">\n<p class=\"has-text-color has-large-font-size\" style=\"color:#505178;line-height:1.1\"><strong>Meine Aus &#8211; und Weiterbildungen<\/strong><\/p>\n<\/div>\n\n\n\n<div class=\"wp-block-column is-layout-flow wp-block-column-is-layout-flow\" style=\"flex-basis:50%\">\n<hr class=\"wp-block-separator has-text-color has-css-opacity has-background is-style-wide\" style=\"background-color:#000000;color:#000000\"\/>\n<\/div>\n<\/div>\n\n\n\n<div style=\"height:44px\" aria-hidden=\"true\" class=\"wp-block-spacer\"><\/div>\n\n\n\n<div class=\"wp-block-columns alignwide is-layout-flex wp-container-core-columns-is-layout-9d6595d7 wp-block-columns-is-layout-flex\">\n<div class=\"wp-block-column is-layout-flow wp-block-column-is-layout-flow\" style=\"flex-basis:33.33%\"><\/div>\n\n\n\n<div class=\"wp-block-column is-layout-flow wp-block-column-is-layout-flow\" style=\"flex-basis:22.22%\">\n<p>2023<\/p>\n<\/div>\n\n\n\n<div class=\"wp-block-column is-layout-flow wp-block-column-is-layout-flow\" style=\"flex-basis:44.45%\">\n<p>Fortbildung \u201eWie trauern Kinder?\u201c (32 Stunden Umfang, Ev. Bildungshaus Rastede)<\/p>\n<\/div>\n<\/div>\n\n\n\n<div class=\"wp-block-columns alignwide is-layout-flex wp-container-core-columns-is-layout-9d6595d7 wp-block-columns-is-layout-flex\">\n<div class=\"wp-block-column is-layout-flow wp-block-column-is-layout-flow\" style=\"flex-basis:33.33%\"><\/div>\n\n\n\n<div class=\"wp-block-column is-layout-flow wp-block-column-is-layout-flow\" style=\"flex-basis:22.22%\">\n<p>2022<\/p>\n<\/div>\n\n\n\n<div class=\"wp-block-column is-layout-flow wp-block-column-is-layout-flow\" style=\"flex-basis:44.45%\">\n<p>Weiterbildung \u201eQualifizierung in Trauerbegleitung&#8220; (256 Stunden Umfang, grosseBasisqualifikation anerkannt durch den Bundesverband Trauerbegleitung e.V. im Ev.Bildungshaus Rastede)<\/p>\n<\/div>\n<\/div>\n\n\n\n<div class=\"wp-block-columns alignwide is-layout-flex wp-container-core-columns-is-layout-9d6595d7 wp-block-columns-is-layout-flex\">\n<div class=\"wp-block-column is-layout-flow wp-block-column-is-layout-flow\" style=\"flex-basis:33.33%\"><\/div>\n\n\n\n<div class=\"wp-block-column is-layout-flow wp-block-column-is-layout-flow\" style=\"flex-basis:22.22%\">\n<p>2018<\/p>\n<\/div>\n\n\n\n<div class=\"wp-block-column is-layout-flow wp-block-column-is-layout-flow\" style=\"flex-basis:44.45%\">\n<p>Ausbildung zur Palliativ Care Fachkraft (160 Stunden Umfang mit Abschlussarbeit, absolviert beim katholischen Bildungswerk Cloppenburg)<\/p>\n<\/div>\n<\/div>\n\n\n\n<div class=\"wp-block-columns alignwide is-layout-flex wp-container-core-columns-is-layout-9d6595d7 wp-block-columns-is-layout-flex\">\n<div class=\"wp-block-column is-layout-flow wp-block-column-is-layout-flow\" style=\"flex-basis:33.33%\"><\/div>\n\n\n\n<div class=\"wp-block-column is-layout-flow wp-block-column-is-layout-flow\" style=\"flex-basis:22.22%\">\n<p>2016<\/p>\n<\/div>\n\n\n\n<div class=\"wp-block-column is-layout-flow wp-block-column-is-layout-flow\" style=\"flex-basis:44.45%\">\n<p>Weiterbildung zur zertifizierten Sterbebegleiterin (80 Stunden Umfang, absolviert in der Akademie Aidenried)<\/p>\n<\/div>\n<\/div>\n\n\n\n<div class=\"wp-block-columns alignwide is-layout-flex wp-container-core-columns-is-layout-9d6595d7 wp-block-columns-is-layout-flex\">\n<div class=\"wp-block-column is-layout-flow wp-block-column-is-layout-flow\" style=\"flex-basis:33.33%\"><\/div>\n\n\n\n<div class=\"wp-block-column is-layout-flow wp-block-column-is-layout-flow\" style=\"flex-basis:22.22%\">\n<p>1987<\/p>\n<\/div>\n\n\n\n<div class=\"wp-block-column is-layout-flow wp-block-column-is-layout-flow\" style=\"flex-basis:44.45%\">\n<p>Abschluss zur examinierten Krankenschwester<\/p>\n<\/div>\n<\/div>\n\n\n\n<div style=\"height:44px\" aria-hidden=\"true\" class=\"wp-block-spacer\"><\/div>\n\n\n\n<div class=\"wp-block-columns alignwide are-vertically-aligned-center is-layout-flex wp-container-core-columns-is-layout-9d6595d7 wp-block-columns-is-layout-flex\">\n<div class=\"wp-block-column is-layout-flow wp-block-column-is-layout-flow\" style=\"flex-basis:50%\">\n<p class=\"has-text-align-left has-text-color has-large-font-size\" style=\"color:#505178;line-height:1.1\"><strong>Meine Berufspraxis <\/strong><\/p>\n<\/div>\n\n\n\n<div class=\"wp-block-column is-layout-flow wp-block-column-is-layout-flow\" style=\"flex-basis:50%\">\n<hr class=\"wp-block-separator has-text-color has-css-opacity has-background is-style-wide is-style-default\" style=\"background-color:#000000;color:#000000\"\/>\n<\/div>\n<\/div>\n\n\n\n<div style=\"height:44px\" aria-hidden=\"true\" class=\"wp-block-spacer\"><\/div>\n\n\n\n<div class=\"wp-block-columns alignwide is-layout-flex wp-container-core-columns-is-layout-9d6595d7 wp-block-columns-is-layout-flex\">\n<div class=\"wp-block-column is-layout-flow wp-block-column-is-layout-flow\" style=\"flex-basis:33.33%\"><\/div>\n\n\n\n<div class=\"wp-block-column is-layout-flow wp-block-column-is-layout-flow\" style=\"flex-basis:22.22%\">\n<p class=\"has-text-align-left\">bis 2012<\/p>\n<\/div>\n\n\n\n<div class=\"wp-block-column is-layout-flow wp-block-column-is-layout-flow\" style=\"flex-basis:44.45%\">\n<p>Jahrzehntelange Berufserfahrung in verschiedenen Fachbereichen der Klinik<\/p>\n<\/div>\n<\/div>\n\n\n\n<div class=\"wp-block-columns alignwide is-layout-flex wp-container-core-columns-is-layout-9d6595d7 wp-block-columns-is-layout-flex\">\n<div class=\"wp-block-column is-layout-flow wp-block-column-is-layout-flow\" style=\"flex-basis:33.33%\"><\/div>\n\n\n\n<div class=\"wp-block-column is-layout-flow wp-block-column-is-layout-flow\" style=\"flex-basis:22.22%\">\n<p class=\"has-text-align-left\">2012<\/p>\n<\/div>\n\n\n\n<div class=\"wp-block-column is-layout-flow wp-block-column-is-layout-flow\" style=\"flex-basis:44.45%\">\n<p>Wechsel ins station\u00e4re Hospiz<\/p>\n<\/div>\n<\/div>\n\n\n\n<div class=\"wp-block-columns alignwide is-layout-flex wp-container-core-columns-is-layout-9d6595d7 wp-block-columns-is-layout-flex\">\n<div class=\"wp-block-column is-layout-flow wp-block-column-is-layout-flow\" style=\"flex-basis:33.33%\"><\/div>\n\n\n\n<div class=\"wp-block-column is-layout-flow wp-block-column-is-layout-flow\" style=\"flex-basis:22.22%\">\n<p class=\"has-text-align-left\">ab 2017<\/p>\n<\/div>\n\n\n\n<div class=\"wp-block-column is-layout-flow wp-block-column-is-layout-flow\" style=\"flex-basis:44.45%\">\n<p>Au\u00dferklinische Intensivpflege &#8211; 1:1 Pflege in der H\u00e4uslichkeit<\/p>\n<\/div>\n<\/div>\n\n\n\n<div class=\"wp-block-columns alignwide is-layout-flex wp-container-core-columns-is-layout-9d6595d7 wp-block-columns-is-layout-flex\">\n<div class=\"wp-block-column is-layout-flow wp-block-column-is-layout-flow\" style=\"flex-basis:33.33%\"><\/div>\n\n\n\n<div class=\"wp-block-column is-layout-flow wp-block-column-is-layout-flow\" style=\"flex-basis:22.22%\">\n<p class=\"has-text-align-left\">ab 2021<\/p>\n<\/div>\n\n\n\n<div class=\"wp-block-column is-layout-flow wp-block-column-is-layout-flow\" style=\"flex-basis:44.45%\">\n<p>Parallel aufgenomme freiberufliche T\u00e4tigkeit mit dem Angebot der bed\u00fcrfnisorientierten Sterbebegleitung<\/p>\n<\/div>\n<\/div>\n\n\n\n<div class=\"wp-block-columns alignwide is-layout-flex wp-container-core-columns-is-layout-9d6595d7 wp-block-columns-is-layout-flex\">\n<div class=\"wp-block-column is-layout-flow wp-block-column-is-layout-flow\" style=\"flex-basis:33.33%\"><\/div>\n\n\n\n<div class=\"wp-block-column is-layout-flow wp-block-column-is-layout-flow\" style=\"flex-basis:22.22%\">\n<p>und seit 2023<\/p>\n<\/div>\n\n\n\n<div class=\"wp-block-column is-layout-flow wp-block-column-is-layout-flow\" style=\"flex-basis:44.45%\">\n<p>auch der individuellen Trauerbegleitung<\/p>\n<\/div>\n<\/div>\n\n\n\n<div style=\"height:44px\" aria-hidden=\"true\" class=\"wp-block-spacer\"><\/div>\n\n\n\n<div class=\"wp-block-columns alignwide are-vertically-aligned-center is-layout-flex wp-container-core-columns-is-layout-9d6595d7 wp-block-columns-is-layout-flex\">\n<div class=\"wp-block-column is-layout-flow wp-block-column-is-layout-flow\" style=\"flex-basis:50%\">\n<p class=\"has-text-color has-large-font-size\" style=\"color:#505178;line-height:1.1\"><strong>Mein berufliches Herzensthema<\/strong><\/p>\n<\/div>\n\n\n\n<div class=\"wp-block-column is-layout-flow wp-block-column-is-layout-flow\" style=\"flex-basis:50%\">\n<hr class=\"wp-block-separator has-text-color has-css-opacity has-background is-style-wide\" style=\"background-color:#000000;color:#000000\"\/>\n<\/div>\n<\/div>\n\n\n\n<div style=\"height:44px\" aria-hidden=\"true\" class=\"wp-block-spacer\"><\/div>\n\n\n\n<div class=\"wp-block-columns alignwide is-layout-flex wp-container-core-columns-is-layout-9d6595d7 wp-block-columns-is-layout-flex\">\n<div class=\"wp-block-column is-layout-flow wp-block-column-is-layout-flow\">\n<p>Mein gro\u00dfes Anliegen besteht darin, den Menschen die Themen Sterben und Tod n\u00e4her zu bringen. <\/p>\n\n\n\n<p>Wir wissen, dass jedes Lebewesen irgendwann stirbt, aber die eigene Verg\u00e4nglichkeit \u2013 das Verschwinden des eigenen Ich&#8217;s \u2013 vorzustellen, gelingt nur schwer.<\/p>\n<\/div>\n\n\n\n<div class=\"wp-block-column is-layout-flow wp-block-column-is-layout-flow\">\n<p>Schaffe ich es aber ein Bewusstsein dar\u00fcber zu erlangen, dass meine Lebenszeit auf dieser Erde begrenzt ist, kann ich zu der Erkenntnis \u00fcber die Kostbarkeit dieser Zeit gelangen \u2013 besonders in dem Nichtwissen, wann sie zu Ende sein wird. Diese Gedanken ver\u00e4ndern vielleicht den Blick auf das eigene Leben und k\u00f6nnen wertvolle Ver\u00e4nderungen mit sich bringen. <\/p>\n<\/div>\n\n\n\n<div class=\"wp-block-column is-layout-flow wp-block-column-is-layout-flow\">\n<p>Aus diesem mutigen Bewusstwerden heraus m\u00f6gen Sie dann vielleicht auch Gedanken \u00fcber Ihr eigenes Sterben zulassen, Bed\u00fcrfnisse, W\u00fcnsche und auch \u00c4ngste.<\/p>\n\n\n\n<p>Neben meiner Professionalit\u00e4t biete ich Ihnen viel Erfahrung, Empathie und eine Liebe zu dieser Arbeit, die mich sehr erf\u00fcllt.<\/p>\n<\/div>\n<\/div>\n","protected":false},"excerpt":{"rendered":"<p>Ich bin \u2022 examinierte Krankenschwester\u2022 palliative Care Fachkraft \u2022 zertifizierte Sterbebegleiterin \u2022 Trauerbegleiterin (BVT) mit 30j\u00e4hriger Berufserfahrung. Immer f\u00fchle ich mich getragen von meiner Begeisterung und Hingabe f\u00fcr die Arbeit. Meine Lebenserfahrung als Tochter, Mutter von drei Kindern und zweifache Gro\u00dfmutter unterst\u00fctzt mich in meiner Bef\u00e4higung, Menschen in ihrem Abschiednehmen zu begleiten. Meine Aus &#8211;&hellip; <a class=\"more-link\" href=\"https:\/\/xn--ausklnge-oldenburg-ptb.de\/index.php\/ueber-mich\/\"><span class=\"screen-reader-text\">\u00dcber mich<\/span> weiterlesen<\/a><\/p>\n","protected":false},"author":1,"featured_media":0,"parent":0,"menu_order":0,"comment_status":"closed","ping_status":"closed","template":"","meta":{"footnotes":""},"class_list":["post-8","page","type-page","status-publish","hentry","entry"],"_links":{"self":[{"href":"https:\/\/xn--ausklnge-oldenburg-ptb.de\/index.php\/wp-json\/wp\/v2\/pages\/8","targetHints":{"allow":["GET"]}}],"collection":[{"href":"https:\/\/xn--ausklnge-oldenburg-ptb.de\/index.php\/wp-json\/wp\/v2\/pages"}],"about":[{"href":"https:\/\/xn--ausklnge-oldenburg-ptb.de\/index.php\/wp-json\/wp\/v2\/types\/page"}],"author":[{"embeddable":true,"href":"https:\/\/xn--ausklnge-oldenburg-ptb.de\/index.php\/wp-json\/wp\/v2\/users\/1"}],"replies":[{"embeddable":true,"href":"https:\/\/xn--ausklnge-oldenburg-ptb.de\/index.php\/wp-json\/wp\/v2\/comments?post=8"}],"version-history":[{"count":84,"href":"https:\/\/xn--ausklnge-oldenburg-ptb.de\/index.php\/wp-json\/wp\/v2\/pages\/8\/revisions"}],"predecessor-version":[{"id":1251,"href":"https:\/\/xn--ausklnge-oldenburg-ptb.de\/index.php\/wp-json\/wp\/v2\/pages\/8\/revisions\/1251"}],"wp:attachment":[{"href":"https:\/\/xn--ausklnge-oldenburg-ptb.de\/index.php\/wp-json\/wp\/v2\/media?parent=8"}],"curies":[{"name":"wp","href":"https:\/\/api.w.org\/{rel}","templated":true}]}}