{"id":9,"date":"2021-07-22T22:43:15","date_gmt":"2021-07-22T20:43:15","guid":{"rendered":"https:\/\/xn--ausklnge-oldenburg-ptb.de\/?page_id=9"},"modified":"2025-02-23T21:45:35","modified_gmt":"2025-02-23T20:45:35","slug":"angebot","status":"publish","type":"page","link":"https:\/\/xn--ausklnge-oldenburg-ptb.de\/index.php\/angebot\/","title":{"rendered":"Das biete ich an"},"content":{"rendered":"\n<div class=\"wp-block-columns alignwide is-layout-flex wp-container-core-columns-is-layout-9d6595d7 wp-block-columns-is-layout-flex\">\n<div class=\"wp-block-column is-layout-flow wp-block-column-is-layout-flow\">\n<p>Als Sterbebegleiterin und Trauerbegleiterin in Oldenburg und dem Umland biete ich sterbenden Menschen und deren Angeh\u00f6rigen ganzheitliche, emotionale, spirituelle und praktische Unterst\u00fctzung.<\/p>\n\n\n\n<p>Ich begleite den letzten Weg mit einem umfassenden Angebot:<\/p>\n<\/div>\n\n\n\n<div class=\"wp-block-column is-layout-flow wp-block-column-is-layout-flow\">\n<p><\/p>\n\n\n\n<p><\/p>\n<\/div>\n<\/div>\n\n\n\n<div style=\"height:55px\" aria-hidden=\"true\" class=\"wp-block-spacer\"><\/div>\n\n\n\n<div class=\"wp-block-cover alignfull is-light\" style=\"min-height:300px;aspect-ratio:unset;\"><span aria-hidden=\"true\" class=\"wp-block-cover__background has-white-background-color has-background-dim-0 has-background-dim\"><\/span><img loading=\"lazy\" decoding=\"async\" width=\"1024\" height=\"400\" class=\"wp-block-cover__image-background wp-image-826\" alt=\"\" src=\"https:\/\/xn--ausklnge-oldenburg-ptb.de\/wp-content\/uploads\/2021\/08\/bgfarbe_vogel_weiss-9.jpg\" style=\"object-position:50% 67%\" data-object-fit=\"cover\" data-object-position=\"50% 67%\" srcset=\"https:\/\/xn--ausklnge-oldenburg-ptb.de\/wp-content\/uploads\/2021\/08\/bgfarbe_vogel_weiss-9.jpg 1024w, https:\/\/xn--ausklnge-oldenburg-ptb.de\/wp-content\/uploads\/2021\/08\/bgfarbe_vogel_weiss-9-300x117.jpg 300w, https:\/\/xn--ausklnge-oldenburg-ptb.de\/wp-content\/uploads\/2021\/08\/bgfarbe_vogel_weiss-9-768x300.jpg 768w\" sizes=\"auto, (max-width: 1024px) 100vw, 1024px\" \/><div class=\"wp-block-cover__inner-container is-layout-flow wp-block-cover-is-layout-flow\">\n<div class=\"wp-block-columns alignwide is-layout-flex wp-container-core-columns-is-layout-9d6595d7 wp-block-columns-is-layout-flex\">\n<div class=\"wp-block-column is-layout-flow wp-block-column-is-layout-flow\">\n<div class=\"wp-block-columns is-layout-flex wp-container-core-columns-is-layout-9d6595d7 wp-block-columns-is-layout-flex\">\n<div class=\"wp-block-column is-layout-flow wp-block-column-is-layout-flow\">\n<ul style=\"color:#505178\" class=\"wp-block-list has-text-color has-normal-font-size\">\n<li><strong>Bed\u00fcrfnisorientierte und einf\u00fchlsame Sterbebegleitung <\/strong><br><\/li>\n<\/ul>\n<\/div>\n\n\n\n<div class=\"wp-block-column is-layout-flow wp-block-column-is-layout-flow\">\n<ul style=\"color:#505178\" class=\"wp-block-list has-text-color has-normal-font-size\">\n<li><strong>Unterst\u00fctzung beim Erstellen <\/strong><br>von Patientenverf\u00fcgung, Betreuungsverf\u00fcgung und Vollmacht<\/li>\n<\/ul>\n\n\n\n<p><\/p>\n<\/div>\n<\/div>\n<\/div>\n<\/div>\n\n\n\n<div class=\"wp-block-columns alignwide is-layout-flex wp-container-core-columns-is-layout-9d6595d7 wp-block-columns-is-layout-flex\">\n<div class=\"wp-block-column is-layout-flow wp-block-column-is-layout-flow\">\n<ul style=\"color:#505178\" class=\"wp-block-list has-text-color has-normal-font-size\">\n<li><strong><strong>Seelsorgerische Begleitung<\/strong> <br><\/strong>unabh\u00e4ngig von Religion &amp; Weltanschauung<\/li>\n<\/ul>\n\n\n\n<p><\/p>\n<\/div>\n\n\n\n<div class=\"wp-block-column is-layout-flow wp-block-column-is-layout-flow\">\n<ul style=\"color:#505178\" class=\"wp-block-list has-text-color has-normal-font-size\">\n<li><strong><strong><strong> <\/strong><\/strong>Beratung und emotionale Unterst\u00fctzung<\/strong><br>der Angeh\u00f6rigen und Nahestehenden<\/li>\n<\/ul>\n\n\n\n<p><\/p>\n<\/div>\n<\/div>\n\n\n\n<div class=\"wp-block-columns alignwide is-layout-flex wp-container-core-columns-is-layout-9d6595d7 wp-block-columns-is-layout-flex\">\n<div class=\"wp-block-column is-layout-flow wp-block-column-is-layout-flow\">\n<ul style=\"color:#505178\" class=\"wp-block-list has-text-color has-normal-font-size\">\n<li><strong><strong>Individuelle<\/strong><\/strong> <strong>Begleitung in der Trauerarbeit<\/strong><\/li>\n<\/ul>\n\n\n\n<p><\/p>\n<\/div>\n<\/div>\n<\/div><\/div>\n\n\n\n<div style=\"height:40px\" aria-hidden=\"true\" class=\"wp-block-spacer\"><\/div>\n\n\n\n<div class=\"wp-block-group alignfull has-background\" style=\"background-color:#f8f4e4\"><div class=\"wp-block-group__inner-container is-layout-flow wp-block-group-is-layout-flow\">\n<div class=\"wp-block-columns alignwide are-vertically-aligned-center is-layout-flex wp-container-core-columns-is-layout-9d6595d7 wp-block-columns-is-layout-flex\">\n<div class=\"wp-block-column is-layout-flow wp-block-column-is-layout-flow\" style=\"flex-basis:50%\"><\/div>\n\n\n\n<div class=\"wp-block-column is-layout-flow wp-block-column-is-layout-flow\" style=\"flex-basis:50%\">\n<hr class=\"wp-block-separator has-text-color has-css-opacity has-background is-style-wide\" style=\"background-color:#000000;color:#000000\"\/>\n<\/div>\n<\/div>\n\n\n\n<div class=\"wp-block-columns alignwide is-layout-flex wp-container-core-columns-is-layout-9d6595d7 wp-block-columns-is-layout-flex\">\n<div class=\"wp-block-column is-layout-flow wp-block-column-is-layout-flow\">\n<p class=\"has-text-align-center has-white-color has-text-color has-background has-normal-font-size\" style=\"background-color:#acb8b1\">Vereinbaren Sie gerne ein kostenloses Gespr\u00e4ch mit mir, damit wir uns kennenlernen und \u00fcber Ihre W\u00fcnsche sowie die Modalit\u00e4ten sprechen k\u00f6nnen! &#8211; 0176 5017 0902 <\/p>\n<\/div>\n\n\n\n<div class=\"wp-block-column is-vertically-aligned-top is-layout-flow wp-block-column-is-layout-flow\">\n<p class=\"has-text-align-left\">Alle Details zu Augestaltungsm\u00f6glichkeiten der Zusammenarbeit finden Sie hier:<\/p>\n\n\n\n<div class=\"wp-block-buttons is-vertical is-content-justification-center is-layout-flex wp-container-core-buttons-is-layout-9a7cdcfd wp-block-buttons-is-layout-flex\">\n<div class=\"wp-block-button is-style-outline is-style-outline--1\"><a class=\"wp-block-button__link has-orange-background-color has-text-color has-background wp-element-button\" href=\"https:\/\/xn--ausklnge-oldenburg-ptb.de\/index.php\/haeufig-gestellte-fragen\/#angebot\" style=\"color:#5b5b96\">FAQ &#8222;Mein Angebot&#8220;<\/a><\/div>\n<\/div>\n\n\n\n<p><\/p>\n\n\n\n<p class=\"has-text-align-left\"><\/p>\n<\/div>\n<\/div>\n<\/div><\/div>\n\n\n\n<figure class=\"wp-block-image size-large\" id=\"treffen\"><img loading=\"lazy\" decoding=\"async\" width=\"724\" height=\"1024\" src=\"https:\/\/xn--ausklnge-oldenburg-ptb.de\/wp-content\/uploads\/2025\/02\/plakat-viertelraum-724x1024.png\" alt=\"\" class=\"wp-image-1292\" srcset=\"https:\/\/xn--ausklnge-oldenburg-ptb.de\/wp-content\/uploads\/2025\/02\/plakat-viertelraum-724x1024.png 724w, https:\/\/xn--ausklnge-oldenburg-ptb.de\/wp-content\/uploads\/2025\/02\/plakat-viertelraum-212x300.png 212w, https:\/\/xn--ausklnge-oldenburg-ptb.de\/wp-content\/uploads\/2025\/02\/plakat-viertelraum-768x1086.png 768w, https:\/\/xn--ausklnge-oldenburg-ptb.de\/wp-content\/uploads\/2025\/02\/plakat-viertelraum-1086x1536.png 1086w, https:\/\/xn--ausklnge-oldenburg-ptb.de\/wp-content\/uploads\/2025\/02\/plakat-viertelraum-1448x2048.png 1448w, https:\/\/xn--ausklnge-oldenburg-ptb.de\/wp-content\/uploads\/2025\/02\/plakat-viertelraum-1568x2218.png 1568w\" sizes=\"auto, (max-width: 724px) 100vw, 724px\" \/><\/figure>\n","protected":false},"excerpt":{"rendered":"<p>Als Sterbebegleiterin und Trauerbegleiterin in Oldenburg und dem Umland biete ich sterbenden Menschen und deren Angeh\u00f6rigen ganzheitliche, emotionale, spirituelle und praktische Unterst\u00fctzung. Ich begleite den letzten Weg mit einem umfassenden Angebot: Vereinbaren Sie gerne ein kostenloses Gespr\u00e4ch mit mir, damit wir uns kennenlernen und \u00fcber Ihre W\u00fcnsche sowie die Modalit\u00e4ten sprechen k\u00f6nnen! &#8211; 0176 5017&hellip; <a class=\"more-link\" href=\"https:\/\/xn--ausklnge-oldenburg-ptb.de\/index.php\/angebot\/\"><span class=\"screen-reader-text\">Das biete ich an<\/span> weiterlesen<\/a><\/p>\n","protected":false},"author":1,"featured_media":0,"parent":0,"menu_order":0,"comment_status":"closed","ping_status":"closed","template":"","meta":{"footnotes":""},"class_list":["post-9","page","type-page","status-publish","hentry","entry"],"_links":{"self":[{"href":"https:\/\/xn--ausklnge-oldenburg-ptb.de\/index.php\/wp-json\/wp\/v2\/pages\/9","targetHints":{"allow":["GET"]}}],"collection":[{"href":"https:\/\/xn--ausklnge-oldenburg-ptb.de\/index.php\/wp-json\/wp\/v2\/pages"}],"about":[{"href":"https:\/\/xn--ausklnge-oldenburg-ptb.de\/index.php\/wp-json\/wp\/v2\/types\/page"}],"author":[{"embeddable":true,"href":"https:\/\/xn--ausklnge-oldenburg-ptb.de\/index.php\/wp-json\/wp\/v2\/users\/1"}],"replies":[{"embeddable":true,"href":"https:\/\/xn--ausklnge-oldenburg-ptb.de\/index.php\/wp-json\/wp\/v2\/comments?post=9"}],"version-history":[{"count":151,"href":"https:\/\/xn--ausklnge-oldenburg-ptb.de\/index.php\/wp-json\/wp\/v2\/pages\/9\/revisions"}],"predecessor-version":[{"id":1294,"href":"https:\/\/xn--ausklnge-oldenburg-ptb.de\/index.php\/wp-json\/wp\/v2\/pages\/9\/revisions\/1294"}],"wp:attachment":[{"href":"https:\/\/xn--ausklnge-oldenburg-ptb.de\/index.php\/wp-json\/wp\/v2\/media?parent=9"}],"curies":[{"name":"wp","href":"https:\/\/api.w.org\/{rel}","templated":true}]}}